{"id":135,"date":"2016-01-31T02:13:08","date_gmt":"2016-01-31T01:13:08","guid":{"rendered":"http:\/\/novy.veltron.eu\/novy\/?page_id=135"},"modified":"2025-01-15T21:20:37","modified_gmt":"2025-01-15T20:20:37","slug":"nase-sluzby","status":"publish","type":"page","link":"https:\/\/veltron.eu\/cs\/nase-sluzby\/","title":{"rendered":"Na\u0161e slu\u017eby"},"content":{"rendered":"<div id=\"attachment_182\" style=\"width: 577px\" class=\"wp-caption alignright\"><a href=\"http:\/\/veltron.eu\/wp-content\/uploads\/2016\/01\/kato3-1.jpg\" rel=\"attachment wp-att-177\"><img loading=\"lazy\" decoding=\"async\" aria-describedby=\"caption-attachment-182\" class=\"wp-image-182 size-full\" title=\"Veletrh\" src=\"http:\/\/veltron.eu\/wp-content\/uploads\/2016\/01\/kato3-1.jpg\" alt=\"Uk\u00e1zka prezentace na veletrhu\" width=\"567\" height=\"425\" \/><\/a><p id=\"caption-attachment-182\" class=\"wp-caption-text\">I pro V\u00e1s provedeme v\u00fdb\u011br vhodn\u00e9ho veletrhu nebo \u0159et\u011bzce veletrh\u016f pro prezentaci Va\u0161\u00ed spole\u010dnosti v Polsku. Rovn\u011b\u017e m\u016f\u017eete vyu\u017e\u00edt komplexn\u00ed slu\u017eby souvisej\u00edc\u00ed s \u00fa\u010dast\u00ed na veletrhu, v\u010detn\u011b obsluhy st\u00e1nku.<\/p><\/div>\n<ul>\n<li>poskytov\u00e1n\u00ed v\u0161estrann\u00e9 pomoci k Va\u0161\u00ed dobr\u00e9 <strong>orientaci v polsk\u00e9m prost\u0159ed\u00ed<\/strong><\/li>\n<li><strong>kvalitn\u00ed p\u0159eklady<\/strong> ve\u0161ker\u00fdch Va\u0161ich propaga\u010dn\u00edch, informa\u010dn\u00edch, technick\u00fdch, obchodn\u00edch materi\u00e1l\u016f a jin\u00fdch p\u00edsemnost\u00ed do polsk\u00e9ho jazyka na profesion\u00e1ln\u00ed \u00farovni, v\u010detn\u011b ov\u011b\u0159en\u00ed soudn\u00edm tlumo\u010dn\u00edkem<\/li>\n<li><strong>obchodn\u00ed a marketingov\u00e9 informace<\/strong>, marketingov\u00e9 <strong>poradenstv\u00ed<\/strong> a <strong>studie<\/strong>, konkuren\u010dn\u00ed <strong>anal\u00fdzy<\/strong>, asisten\u010dn\u00ed slu\u017eby<\/li>\n<li>prov\u00e1d\u011bn\u00ed <strong>pr\u016fzkumu trhu<\/strong>, vytv\u00e1\u0159en\u00ed s\u00edt\u011b region\u00e1ln\u00edch prodejc\u016f<\/li>\n<li>v\u00fdb\u011br vhodn\u00e9ho <strong>veletrhu<\/strong> nebo \u0159et\u011bzce veletrh\u016f pro prezentaci Va\u0161\u00ed firmy v Polsku<\/li>\n<li>komplexn\u00ed slu\u017eby souvisej\u00edc\u00ed s \u00fa\u010dast\u00ed na veletrz\u00edch v Polsku, v\u010detn\u011b obsluhy st\u00e1nku,<\/li>\n<li><strong>monitoring<\/strong> polsk\u00fdch <strong>ve\u0159ejn\u00fdch sout\u011b\u017e\u00ed<\/strong>, zaji\u0161t\u011bn\u00ed Va\u0161\u00ed \u00fa\u010dasti ve ve\u0159ejn\u00fdch sout\u011b\u017e\u00edch<\/li>\n<li><strong>anal\u00fdza<\/strong> <strong>v\u00fdb\u011brov\u00fdch \u0159\u00edzen\u00ed<\/strong> a n\u00e1kupn\u00edho chov\u00e1n\u00ed spot\u0159ebitel\u016f<\/li>\n<li>identifikace a kontaktov\u00e1n\u00ed potenci\u00e1ln\u00edch <strong>obchodn\u00edch partner\u016f<\/strong>, distributor\u016f, mont\u00e1\u017en\u00edch, projek\u010dn\u00edch a jin\u00fdch firem dle po\u017eadavku klienta, vytv\u00e1\u0159en\u00ed p\u0159\u00edm\u00fdch obchodn\u00edch vazeb<\/li>\n<li>poskytov\u00e1n\u00ed technicko-obchodn\u00edch informac\u00ed potenci\u00e1ln\u00edm klient\u016fm<\/li>\n<li>zastupov\u00e1n\u00ed Va\u0161ich z\u00e1jm\u016f p\u0159i kontaktu s partnery, investory a st\u00e1tn\u00edmi org\u00e1ny<\/li>\n<li>prezentace Va\u0161\u00ed firmy a organiza\u010dn\u00ed zaji\u0161t\u011bn\u00ed pracovn\u00edch a obchodn\u00edch jedn\u00e1n\u00ed<\/li>\n<li>zaji\u0161\u0165ov\u00e1n\u00ed nezbytn\u00fdch povolen\u00ed, certifik\u00e1t\u016f, realizace dod\u00e1vek apod.<\/li>\n<li><strong>obchodn\u00ed zastoupen\u00ed<\/strong> Va\u0161\u00ed firmy v Polsku<\/li>\n<li>spolupr\u00e1ce se st\u00e1vaj\u00edc\u00edmi polsk\u00fdmi obchodn\u00edmi partnery klienta<\/li>\n<li><strong>zaji\u0161\u0165ov\u00e1n\u00ed reklamy<\/strong> na oborov\u00fdch, technick\u00fdch, v\u011bdeck\u00fdch a obchodn\u00edch akc\u00edch, rozbor reklamy a PR,<\/li>\n<li>prezentace v odborn\u00e9m tisku, obchodn\u00ed mise, prezenta\u010dn\u00ed dny, propagace<\/li>\n<li>za\u0159izov\u00e1n\u00ed ve\u0161ker\u00fdch z\u00e1le\u017eitost\u00ed obchodn\u00edch a smluvn\u00edch.<\/li>\n<\/ul>\n<h2>V\u00edce informac\u00ed o vybran\u00fdch slu\u017eb\u00e1ch<\/h2>\n<ul>\n<li><a title=\"P\u0159eklady, tlumo\u010den\u00ed a korektury\" href=\"https:\/\/veltron.eu\/preklady-tlumoceni-a-korektury\/\">p\u0159eklady, tlumo\u010den\u00ed a korektury<\/a><\/li>\n<li><a href=\"obchodni-zastoupeni\">obchodn\u00ed zastoupen\u00ed Va\u0161\u00ed spole\u010dnosti v Polsku<\/a><\/li>\n<li><a href=\"veletrhy\">Vyhled\u00e1n\u00ed vhodn\u00e9ho veletrhu pro Va\u0161\u00ed spole\u010dnost<\/a><\/li>\n<\/ul>\n","protected":false},"excerpt":{"rendered":"<p>poskytov\u00e1n\u00ed v\u0161estrann\u00e9 pomoci k Va\u0161\u00ed dobr\u00e9 orientaci v polsk\u00e9m prost\u0159ed\u00ed kvalitn\u00ed p\u0159eklady ve\u0161ker\u00fdch Va\u0161ich propaga\u010dn\u00edch, informa\u010dn\u00edch, technick\u00fdch, obchodn\u00edch materi\u00e1l\u016f a jin\u00fdch p\u00edsemnost\u00ed do polsk\u00e9ho jazyka na profesion\u00e1ln\u00ed \u00farovni, v\u010detn\u011b ov\u011b\u0159en\u00ed soudn\u00edm tlumo\u010dn\u00edkem obchodn\u00ed a marketingov\u00e9 informace, marketingov\u00e9 poradenstv\u00ed a studie, konkuren\u010dn\u00ed anal\u00fdzy, asisten\u010dn\u00ed slu\u017eby prov\u00e1d\u011bn\u00ed pr\u016fzkumu trhu, vytv\u00e1\u0159en\u00ed s\u00edt\u011b region\u00e1ln\u00edch prodejc\u016f v\u00fdb\u011br vhodn\u00e9ho veletrhu nebo<\/p>\n","protected":false},"author":1,"featured_media":0,"parent":0,"menu_order":0,"comment_status":"closed","ping_status":"closed","template":"page-fullwidth.php","meta":{"footnotes":""},"class_list":["post-135","page","type-page","status-publish","hentry"],"_links":{"self":[{"href":"https:\/\/veltron.eu\/cs\/wp-json\/wp\/v2\/pages\/135","targetHints":{"allow":["GET"]}}],"collection":[{"href":"https:\/\/veltron.eu\/cs\/wp-json\/wp\/v2\/pages"}],"about":[{"href":"https:\/\/veltron.eu\/cs\/wp-json\/wp\/v2\/types\/page"}],"author":[{"embeddable":true,"href":"https:\/\/veltron.eu\/cs\/wp-json\/wp\/v2\/users\/1"}],"replies":[{"embeddable":true,"href":"https:\/\/veltron.eu\/cs\/wp-json\/wp\/v2\/comments?post=135"}],"version-history":[{"count":20,"href":"https:\/\/veltron.eu\/cs\/wp-json\/wp\/v2\/pages\/135\/revisions"}],"predecessor-version":[{"id":427,"href":"https:\/\/veltron.eu\/cs\/wp-json\/wp\/v2\/pages\/135\/revisions\/427"}],"wp:attachment":[{"href":"https:\/\/veltron.eu\/cs\/wp-json\/wp\/v2\/media?parent=135"}],"curies":[{"name":"wp","href":"https:\/\/api.w.org\/{rel}","templated":true}]}}