{"id":148,"date":"2016-01-31T10:41:29","date_gmt":"2016-01-31T09:41:29","guid":{"rendered":"http:\/\/novy.veltron.eu\/novy\/?page_id=148"},"modified":"2017-07-28T15:03:04","modified_gmt":"2017-07-28T14:03:04","slug":"veletrhy","status":"publish","type":"page","link":"https:\/\/veltron.eu\/cs\/veletrhy\/","title":{"rendered":"Veletrhy"},"content":{"rendered":"<h2>Chcete se z\u00fa\u010dastnit konkr\u00e9tn\u00edho veletrhu v Polsku?<\/h2>\n<ul>\n<li><strong>v\u00fdb\u011br vhodn\u00e9ho veletrhu<\/strong> nebo <strong>\u0159et\u011bzce veletrh\u016f<\/strong> pro prezentaci Va\u0161\u00ed spole\u010dnosti v Polsku<\/li>\n<li><strong>komplexn\u00ed slu\u017eby<\/strong> souvisej\u00edc\u00ed s \u00fa\u010dast\u00ed na veletrz\u00edch, v\u010detn\u011b <strong>obsluhy st\u00e1nku<\/strong><\/li>\n<li>prezentace Va\u0161\u00ed spole\u010dnosti a organiza\u010dn\u00ed zaji\u0161t\u011bn\u00ed pracovn\u00edch a obchodn\u00edch jedn\u00e1n\u00ed<\/li>\n<\/ul>\n<h2>Pot\u0159ebujete<\/h2>\n<ul>\n<li>zjistit p\u0159esn\u00fd term\u00edn a m\u00edsto kon\u00e1n\u00ed konkr\u00e9tn\u00edho veletrhu v Polsku?<\/li>\n<li>z\u00edskat p\u0159ehled o v\u0161ech v\u00fdznamn\u00fdch veletrz\u00edch v p\u0159\u00edslu\u0161n\u00e9 komodit\u011b?<\/li>\n<li>vybrat vhodn\u00fd veletrh nebo hodn\u00e9 veletrhy pro prezentaci Va\u0161ich v\u00fdrobk\u016f v Polsku?<\/li>\n<li>aby to za V\u00e1s n\u011bkdo za\u0159\u00eddil?<\/li>\n<\/ul>\n<p><strong><a title=\"Kontakty\" href=\"http:\/\/veltron.eu\/kontakty\/\">Kontaktujte n\u00e1s<\/a><\/strong>.<\/p>\n<h2>P\u0159ehled \u00fa\u010dast\u00ed na veletrz\u00edch zaji\u0161\u0165ovan\u00fdch firmou VELTRON spol. s r.o. pro sv\u00e9 v\u00fdznamn\u00e9 klienty v Polsku<\/h2>\n<h4 lang=\"pl-PL\">ELTARG&#8217;2001 Katowice<\/h4>\n<p><em>10. Jubilejn\u00ed Mezin\u00e1rodn\u00ed veletrh elektrotechniky, elektroniky, elektroenergetiky a telekomunikac\u00ed<\/em>.<br \/>\nPavilon 1, st\u00e1nek \u010d\u00edslo 1187.<br \/>\nveletr\u017en\u00ed nab\u00eddka: Pr\u016fmyslov\u00e9 \u0159\u00edd\u00edc\u00ed a diagnostick\u00e9 syst\u00e9my AURA<\/p>\n<table class=\" alignleft\" style=\"border-color: #ffffff; margin-bottom: 20px;\">\n<tbody>\n<tr>\n<td style=\"border-color: #ffffff;\"><img loading=\"lazy\" decoding=\"async\" class=\"alignleft wp-image-182\" src=\"http:\/\/veltron.eu\/wp-content\/uploads\/2016\/01\/kato3-1.jpg\" alt=\"Uk\u00e1zka prezentace na veletrhu\" width=\"320\" height=\"240\" \/><\/td>\n<td style=\"border-color: #ffffff;\"><img loading=\"lazy\" decoding=\"async\" class=\"alignleft wp-image-243\" src=\"http:\/\/veltron.eu\/wp-content\/uploads\/2016\/01\/kato4.jpg\" alt=\"Uk\u00e1zka prezentace na veletrhu\" width=\"320\" height=\"240\" \/><\/td>\n<\/tr>\n<\/tbody>\n<\/table>\n<h4 lang=\"pl-PL\">ECOENERGIA&#8217;2001 Gda\u0144sk<\/h4>\n<p lang=\"pl-PL\"><em>6. Veletrh energetiky a ochrany \u017eivotn\u00edho prost\u0159ed\u00ed<\/em>.<br \/>\nPavilon 05, st\u00e1nek \u010d\u00edslo 02<br \/>\nveletr\u017en\u00ed nab\u00eddka: Pr\u016fmyslov\u00e9 \u0159\u00edd\u00edc\u00ed a diagnostick\u00e9 syst\u00e9my AURA<\/p>\n<table class=\" alignleft\" style=\"border-color: #ffffff; margin-bottom: 20px;\">\n<tbody>\n<tr>\n<td style=\"border-color: #ffffff;\"><a href=\"http:\/\/veltron.eu\/wp-content\/uploads\/2016\/01\/gdansk1.jpg\" rel=\"attachment wp-att-262\"><img loading=\"lazy\" decoding=\"async\" class=\"alignright wp-image-262 size-full\" src=\"http:\/\/veltron.eu\/wp-content\/uploads\/2016\/01\/gdansk1.jpg\" alt=\"Uk\u00e1zka prezentace na veletrhu\" width=\"320\" height=\"240\" \/><\/a><\/td>\n<td style=\"border-color: #ffffff;\"><a href=\"http:\/\/veltron.eu\/wp-content\/uploads\/2016\/01\/gdansk2.jpg\"><img loading=\"lazy\" decoding=\"async\" class=\"alignright wp-image-263 size-full\" src=\"http:\/\/veltron.eu\/wp-content\/uploads\/2016\/01\/gdansk2.jpg\" alt=\"Uk\u00e1zka prezentace na veletrhu\" width=\"320\" height=\"240\" \/><\/a><\/td>\n<\/tr>\n<\/tbody>\n<\/table>\n<h4 lang=\"pl-PL\">MTP&#8217;2000 Pozna\u0148<\/h4>\n<p lang=\"pl-PL\"><em>72. Mezin\u00e1rodn\u00ed pozna\u0148sk\u00fd veletrh &#8211; Technologie Przemys\u0142owe i Dobra Inwestycyjne<br \/>\n<\/em>Pavilon 14, st\u00e1nek \u010d\u00edslo 35<br \/>\nveletr\u017en\u00ed nab\u00eddka:\u00a0irc syst\u00e9my pro \u0159\u00edzen\u00ed a regulaci teploty TRASCO<br \/>\nPr\u016fmyslov\u00e9 \u0159\u00edd\u00edc\u00ed a diagnostick\u00e9 syst\u00e9my AURA<\/p>\n<table class=\" alignleft\" style=\"border-color: #ffffff; margin-bottom: 20px;\">\n<tbody>\n<tr>\n<td style=\"border-color: #ffffff;\"><img loading=\"lazy\" decoding=\"async\" class=\"alignright wp-image-266\" src=\"http:\/\/veltron.eu\/wp-content\/uploads\/2016\/01\/poznan2.jpg\" alt=\"Uk\u00e1zka prezentace na veletrhu\" width=\"320\" height=\"229\" \/><\/td>\n<td style=\"border-color: #ffffff;\"><\/td>\n<\/tr>\n<\/tbody>\n<\/table>\n<h4><span lang=\"pl-PL\">ELTARG&#8217;2000 Katowice\u00a0<\/span><\/h4>\n<p><em>9. Mezin\u00e1rodn\u00ed veletrh elektrotechniky, elektroniky a elektroenergetiky<br \/>\n<\/em>Pavilon 1, st\u00e1nek \u010d\u00edslo 1224<br \/>\nveletr\u017en\u00ed nab\u00eddka:\u00a0irc syst\u00e9my pro \u0159\u00edzen\u00ed a regulaci teploty TRASCO<br \/>\nPr\u016fmyslov\u00e9 \u0159\u00edd\u00edc\u00ed a diagnostick\u00e9 syst\u00e9my AURA<\/p>\n<table class=\" alignleft\" style=\"border-color: #ffffff; margin-bottom: 20px;\">\n<tbody>\n<tr>\n<td style=\"border-color: #ffffff;\"><a href=\"http:\/\/veltron.eu\/wp-content\/uploads\/2016\/01\/kato1.jpg\" rel=\"attachment wp-att-268\"><img loading=\"lazy\" decoding=\"async\" class=\"alignright wp-image-268 size-full\" src=\"http:\/\/veltron.eu\/wp-content\/uploads\/2016\/01\/kato1.jpg\" alt=\"Uk\u00e1zka prezentace na veletrhu\" width=\"320\" height=\"219\" \/><\/a><\/td>\n<td style=\"border-color: #ffffff;\"><a href=\"http:\/\/veltron.eu\/wp-content\/uploads\/2016\/01\/kato2.jpg\"><img loading=\"lazy\" decoding=\"async\" class=\"alignright wp-image-269 size-full\" src=\"http:\/\/veltron.eu\/wp-content\/uploads\/2016\/01\/kato2.jpg\" alt=\"Uk\u00e1zka prezentace na veletrhu\" width=\"320\" height=\"219\" \/><\/a><\/td>\n<\/tr>\n<\/tbody>\n<\/table>\n<p><span lang=\"pl-PL\">\u00a0<\/span><\/p>\n<h4><span lang=\"pl-PL\">ELEKTRO-ENERGY&#8217;98 Krak\u00f3w<\/span><\/h4>\n<p><em>Elektrotechnick\u00fd, elektronick\u00fd a elektroenergetick\u00fd veletrh<br \/>\n<\/em>Centrum Targowe &#8211; Chemobudowa, st\u00e1nek \u010d\u00edslo 15<br \/>\nveletr\u017en\u00ed nab\u00eddka: irc syst\u00e9my pro \u0159\u00edzen\u00ed a regulaci teploty TRASCO<br \/>\nPr\u016fmyslov\u00e9 \u0159\u00edd\u00edc\u00ed a diagnostick\u00e9 syst\u00e9my AURA<\/p>\n<h4><span lang=\"pl-PL\">MTP&#8217;98 Pozna\u0148<\/span><\/h4>\n<p><em>70. Mezin\u00e1rodn\u00ed pozna\u0148sk\u00fd veletrh &#8211; Technologie Przemys\u0142owe i Dobra Inwestycyjne<br \/>\n<\/em>Pavilon 22, st\u00e1nek \u010d\u00edslo 3<br \/>\nveletr\u017en\u00ed nab\u00eddka:\u00a0irc syst\u00e9my pro \u0159\u00edzen\u00ed a regulaci teploty TRASCO<br \/>\nPr\u016fmyslov\u00e9 \u0159\u00edd\u00edc\u00ed a diagnostick\u00e9 syst\u00e9my AURA<\/p>\n<h4><span lang=\"pl-PL\">ELTARG&#8217;98 Katowice<\/span><\/h4>\n<p><em>7. Mezin\u00e1rodn\u00ed veletrh elektrotechniky, elektroniky a elektroenergetiky<br \/>\n<\/em>veletr\u017en\u00ed nab\u00eddka: irc syst\u00e9my pro \u0159\u00edzen\u00ed a regulaci teploty TRASCO<br \/>\nPr\u016fmyslov\u00e9 \u0159\u00edd\u00edc\u00ed a diagnostick\u00e9 syst\u00e9my AURA<\/p>\n<h4 lang=\"pl-PL\">ECODOM&#8217;98 Katowice<\/h4>\n<p lang=\"pl-PL\"><em>9. Mezin\u00e1rodn\u00ed veletrh &#8222;Pomiar i Oszcz\u0119dno\u015b\u0107 Ciep\u0142a&#8220;<\/em><br \/>\nveletr\u017en\u00ed nab\u00eddka: irc syst\u00e9my pro \u0159\u00edzen\u00ed a regulaci teploty TRASCO<\/p>\n<h4 lang=\"pl-PL\">ELEKTRO-ENERGY&#8217;97 Krak\u00f3w<\/h4>\n<p lang=\"pl-PL\"><em>Elektrotechnick\u00fd, elektronick\u00fd a elektroenergetick\u00fd veletrh<\/em><br \/>\nveletr\u017en\u00ed nab\u00eddka: irc syst\u00e9my pro \u0159\u00edzen\u00ed a regulaci teploty TRASCO<\/p>\n<h4 lang=\"pl-PL\">ECODOM&#8217;97 Katowice<\/h4>\n<p lang=\"pl-PL\"><em>8. Mezin\u00e1rodn\u00ed veletrh &#8222;Pomiar i Oszcz\u0119dno\u015b\u0107 Ciep\u0142a&#8220;<\/em><br \/>\nveletr\u017en\u00ed nab\u00eddka: irc syst\u00e9my pro \u0159\u00edzen\u00ed a regulaci teploty TRASCO<\/p>\n<div id=\"attachment_261\" style=\"width: 290px\" class=\"wp-caption alignnone\"><a href=\"http:\/\/veltron.eu\/wp-content\/uploads\/2016\/01\/medaile.png\" rel=\"attachment wp-att-261\"><img loading=\"lazy\" decoding=\"async\" aria-describedby=\"caption-attachment-261\" class=\"wp-image-261 size-full\" src=\"http:\/\/veltron.eu\/wp-content\/uploads\/2016\/01\/medaile.png\" alt=\"Medaile ECODOM&#039;97 Katowice\" width=\"280\" height=\"272\" \/><\/a><p id=\"caption-attachment-261\" class=\"wp-caption-text\">Medaile Mezin\u00e1rodn\u00edch veletrh\u016f Katovice (MTK) za prezentaci nov\u00e9 generace \u0159\u00edd\u00edc\u00edch jednotek HELIA<\/p><\/div>\n<h4 lang=\"pl-PL\">InterRES&#8217;96 Rzesz\u00f3w<\/h4>\n<p lang=\"pl-PL\"><em>Technick\u00fd a stavebn\u00ed veletrh<\/em><br \/>\nveletr\u017en\u00ed nab\u00eddka: irc syst\u00e9my pro \u0159\u00edzen\u00ed a regulaci teploty TRASCO<\/p>\n","protected":false},"excerpt":{"rendered":"<p>Chcete se z\u00fa\u010dastnit konkr\u00e9tn\u00edho veletrhu v Polsku? v\u00fdb\u011br vhodn\u00e9ho veletrhu nebo \u0159et\u011bzce veletrh\u016f pro prezentaci Va\u0161\u00ed spole\u010dnosti v Polsku komplexn\u00ed slu\u017eby souvisej\u00edc\u00ed s \u00fa\u010dast\u00ed na veletrz\u00edch, v\u010detn\u011b obsluhy st\u00e1nku prezentace Va\u0161\u00ed spole\u010dnosti a organiza\u010dn\u00ed zaji\u0161t\u011bn\u00ed pracovn\u00edch a obchodn\u00edch jedn\u00e1n\u00ed Pot\u0159ebujete zjistit p\u0159esn\u00fd term\u00edn a m\u00edsto kon\u00e1n\u00ed konkr\u00e9tn\u00edho veletrhu v Polsku? z\u00edskat p\u0159ehled o v\u0161ech v\u00fdznamn\u00fdch<\/p>\n","protected":false},"author":1,"featured_media":0,"parent":0,"menu_order":0,"comment_status":"closed","ping_status":"closed","template":"page-fullwidth.php","meta":{"footnotes":""},"class_list":["post-148","page","type-page","status-publish","hentry"],"_links":{"self":[{"href":"https:\/\/veltron.eu\/cs\/wp-json\/wp\/v2\/pages\/148","targetHints":{"allow":["GET"]}}],"collection":[{"href":"https:\/\/veltron.eu\/cs\/wp-json\/wp\/v2\/pages"}],"about":[{"href":"https:\/\/veltron.eu\/cs\/wp-json\/wp\/v2\/types\/page"}],"author":[{"embeddable":true,"href":"https:\/\/veltron.eu\/cs\/wp-json\/wp\/v2\/users\/1"}],"replies":[{"embeddable":true,"href":"https:\/\/veltron.eu\/cs\/wp-json\/wp\/v2\/comments?post=148"}],"version-history":[{"count":8,"href":"https:\/\/veltron.eu\/cs\/wp-json\/wp\/v2\/pages\/148\/revisions"}],"predecessor-version":[{"id":349,"href":"https:\/\/veltron.eu\/cs\/wp-json\/wp\/v2\/pages\/148\/revisions\/349"}],"wp:attachment":[{"href":"https:\/\/veltron.eu\/cs\/wp-json\/wp\/v2\/media?parent=148"}],"curies":[{"name":"wp","href":"https:\/\/api.w.org\/{rel}","templated":true}]}}