{"id":142,"date":"2016-01-31T10:37:19","date_gmt":"2016-01-31T09:37:19","guid":{"rendered":"http:\/\/novy.veltron.eu\/novy\/?page_id=142"},"modified":"2025-01-15T21:22:00","modified_gmt":"2025-01-15T20:22:00","slug":"obchodni-zastoupeni","status":"publish","type":"page","link":"https:\/\/veltron.eu\/cs\/obchodni-zastoupeni\/","title":{"rendered":"Obchodn\u00ed zastoupen\u00ed"},"content":{"rendered":"<h2>Pot\u0159ebujete<\/h2>\n<ul>\n<li>obchodn\u00ed zastoupen\u00ed Va\u0161\u00ed spole\u010dnosti v Polsku<\/li>\n<li>identifikace a kontaktov\u00e1n\u00ed potenci\u00e1ln\u00edch obchodn\u00edch partner\u016f<\/li>\n<li>vytv\u00e1\u0159en\u00ed s\u00edt\u011b region\u00e1ln\u00edch prodejc\u016f<\/li>\n<li>obchodn\u00ed a marketingov\u00e9 informace<\/li>\n<li>marketingov\u00e9 poradenstv\u00ed a studie<\/li>\n<\/ul>\n<p><strong><a title=\"Kontakty\" href=\"http:\/\/veltron.eu\/kontakty\/\">Kontaktujte n\u00e1s<\/a><\/strong>.<\/p>\n","protected":false},"excerpt":{"rendered":"<p>Pot\u0159ebujete obchodn\u00ed zastoupen\u00ed Va\u0161\u00ed spole\u010dnosti v Polsku identifikace a kontaktov\u00e1n\u00ed potenci\u00e1ln\u00edch obchodn\u00edch partner\u016f vytv\u00e1\u0159en\u00ed s\u00edt\u011b region\u00e1ln\u00edch prodejc\u016f obchodn\u00ed a marketingov\u00e9 informace marketingov\u00e9 poradenstv\u00ed a studie Kontaktujte n\u00e1s.<\/p>\n","protected":false},"author":1,"featured_media":0,"parent":0,"menu_order":0,"comment_status":"closed","ping_status":"closed","template":"page-fullwidth.php","meta":{"footnotes":""},"class_list":["post-142","page","type-page","status-publish","hentry"],"_links":{"self":[{"href":"https:\/\/veltron.eu\/fr\/wp-json\/wp\/v2\/pages\/142","targetHints":{"allow":["GET"]}}],"collection":[{"href":"https:\/\/veltron.eu\/fr\/wp-json\/wp\/v2\/pages"}],"about":[{"href":"https:\/\/veltron.eu\/fr\/wp-json\/wp\/v2\/types\/page"}],"author":[{"embeddable":true,"href":"https:\/\/veltron.eu\/fr\/wp-json\/wp\/v2\/users\/1"}],"replies":[{"embeddable":true,"href":"https:\/\/veltron.eu\/fr\/wp-json\/wp\/v2\/comments?post=142"}],"version-history":[{"count":0,"href":"https:\/\/veltron.eu\/fr\/wp-json\/wp\/v2\/pages\/142\/revisions"}],"wp:attachment":[{"href":"https:\/\/veltron.eu\/fr\/wp-json\/wp\/v2\/media?parent=142"}],"curies":[{"name":"wp","href":"https:\/\/api.w.org\/{rel}","templated":true}]}}