{"id":5,"date":"2016-01-15T14:51:15","date_gmt":"2016-01-15T13:51:15","guid":{"rendered":"http:\/\/novy.veltron.eu\/novy\/?page_id=5"},"modified":"2016-02-05T20:43:58","modified_gmt":"2016-02-05T19:43:58","slug":"o-nas","status":"publish","type":"page","link":"https:\/\/veltron.eu\/cs\/o-nas\/","title":{"rendered":"O n\u00e1s"},"content":{"rendered":"<p>VELTRON spol. s r.o. &#8211; specialista na Polsko, tlumo\u010den\u00ed a p\u0159eklady &#8211; jazyk polsk\u00fd, korektury rodil\u00fdmi mluv\u010d\u00edmi, tlumo\u010den\u00ed konferenc\u00ed, marketing, poradenstv\u00ed, veletrhy, technicko-obchodn\u00ed informace, pr\u016fzkum polsk\u00e9ho trhu, asisten\u010dn\u00ed slu\u017eby, obchodn\u00ed zastupov\u00e1n\u00ed \u010desk\u00fdch firem v Polsku, p\u0159eklady z\/do pol\u0161tiny s ov\u011b\u0159en\u00edm soudn\u00edm tlumo\u010dn\u00edkem.<\/p>\n<ul>\n<li><strong><a title=\"Na\u0161e slu\u017eby\" href=\"\/nase-sluzby\/\">Zobrazit p\u0159ehled na\u0161ich slu\u017eeb<\/a><\/strong><\/li>\n<\/ul>\n","protected":false},"excerpt":{"rendered":"<p>VELTRON spol. s r.o. &#8211; specialista na Polsko, tlumo\u010den\u00ed a p\u0159eklady &#8211; jazyk polsk\u00fd, korektury rodil\u00fdmi mluv\u010d\u00edmi, tlumo\u010den\u00ed konferenc\u00ed, marketing, poradenstv\u00ed, veletrhy, technicko-obchodn\u00ed informace, pr\u016fzkum polsk\u00e9ho trhu, asisten\u010dn\u00ed slu\u017eby, obchodn\u00ed zastupov\u00e1n\u00ed \u010desk\u00fdch firem v Polsku, p\u0159eklady z\/do pol\u0161tiny s ov\u011b\u0159en\u00edm soudn\u00edm tlumo\u010dn\u00edkem. Zobrazit p\u0159ehled na\u0161ich slu\u017eeb<\/p>\n","protected":false},"author":1,"featured_media":0,"parent":0,"menu_order":0,"comment_status":"closed","ping_status":"closed","template":"page-fullwidth.php","meta":{"footnotes":""},"class_list":["post-5","page","type-page","status-publish","hentry"],"_links":{"self":[{"href":"https:\/\/veltron.eu\/fr\/wp-json\/wp\/v2\/pages\/5","targetHints":{"allow":["GET"]}}],"collection":[{"href":"https:\/\/veltron.eu\/fr\/wp-json\/wp\/v2\/pages"}],"about":[{"href":"https:\/\/veltron.eu\/fr\/wp-json\/wp\/v2\/types\/page"}],"author":[{"embeddable":true,"href":"https:\/\/veltron.eu\/fr\/wp-json\/wp\/v2\/users\/1"}],"replies":[{"embeddable":true,"href":"https:\/\/veltron.eu\/fr\/wp-json\/wp\/v2\/comments?post=5"}],"version-history":[{"count":2,"href":"https:\/\/veltron.eu\/fr\/wp-json\/wp\/v2\/pages\/5\/revisions"}],"predecessor-version":[{"id":154,"href":"https:\/\/veltron.eu\/fr\/wp-json\/wp\/v2\/pages\/5\/revisions\/154"}],"wp:attachment":[{"href":"https:\/\/veltron.eu\/fr\/wp-json\/wp\/v2\/media?parent=5"}],"curies":[{"name":"wp","href":"https:\/\/api.w.org\/{rel}","templated":true}]}}