{"id":366,"date":"2017-07-28T14:58:17","date_gmt":"2017-07-28T13:58:17","guid":{"rendered":"http:\/\/veltron.eu\/cs\/?page_id=366"},"modified":"2024-12-15T16:22:33","modified_gmt":"2024-12-15T15:22:33","slug":"kontakt","status":"publish","type":"page","link":"https:\/\/veltron.eu\/pl\/kontakt\/","title":{"rendered":"Kontakt"},"content":{"rendered":"<h2>S\u00eddlo spole\u010dnosti\u00a0(faktura\u010dn\u00ed \u00fadaje)<\/h2>\n<ul>\n<li>VELTRON spol. s r.o., Turistick\u00e1 1786\/14, 323 00 Plze\u0148<br \/>\nZaps\u00e1no v Obchodn\u00edm rejst\u0159\u00edku u Krajsk\u00e9ho soudu v Plzni, odd\u00edl C, vlo\u017eka 4222<br \/>\nI\u010cO: 49195107<\/li>\n<\/ul>\n<h2>Koresponden\u010dn\u00ed adresa\u00a0(pro p\u00edsemn\u00fd styk)<\/h2>\n<ul>\n<li>Ing. Jaroslav Filgas, Horn\u00ed 1466\/10, 140 00\u00a0 Praha 4 &#8211; Nusle<\/li>\n<\/ul>\n<h2>Telefonn\u00ed a e-mailov\u00e9 kontakty<\/h2>\n<p><strong>Ing. Jaroslav Filgas<\/strong><\/p>\n<ul>\n<li>tel.: +420 603 529 112<\/li>\n<li>email: <span \n                data-original-string='tYUQ+JAjTdCuBCUcTCtFog==f18zdQ0hAroHUhXZ6diC06+Vr+bTVyIcD\/MxEEcWESd9fs='\n                class='apbct-email-encoder'\n                title='This contact has been encoded by Anti-Spam by CleanTalk. Click to decode. To finish the decoding make sure that JavaScript is enabled in your browser.'>fi<span class=\"apbct-blur\">****<\/span>@<span class=\"apbct-blur\">*****<\/span>on.cz<\/span><\/li>\n<\/ul>\n<p><strong>Mgr. Katarzyna Filgasov\u00e1<\/strong><\/p>\n<ul>\n<li>tel.: +420 603 441 552<\/li>\n<li>email: <span \n                data-original-string='lYQ7PTNe+GkcxjnMrN3QuQ==f18TziUpa7gmENRoHU4mABvA\/zomHjDgCMI1n+KBvfqApk='\n                class='apbct-email-encoder'\n                title='This contact has been encoded by Anti-Spam by CleanTalk. Click to decode. To finish the decoding make sure that JavaScript is enabled in your browser.'>fi<span class=\"apbct-blur\">*******<\/span>@<span class=\"apbct-blur\">*****<\/span>on.cz<\/span><\/li>\n<\/ul>\n<h2>internetov\u00e9 str\u00e1nky<\/h2>\n<p><a title=\"Veltron s r.o.\" href=\"http:\/\/www.veltron.eu\">www.veltron.eu<\/a><\/p>\n","protected":false},"excerpt":{"rendered":"<p>S\u00eddlo spole\u010dnosti\u00a0(faktura\u010dn\u00ed \u00fadaje) VELTRON spol. s r.o., Turistick\u00e1 1786\/14, 323 00 Plze\u0148 Zaps\u00e1no v Obchodn\u00edm rejst\u0159\u00edku u Krajsk\u00e9ho soudu v Plzni, odd\u00edl C, vlo\u017eka 4222 I\u010cO: 49195107 Koresponden\u010dn\u00ed adresa\u00a0(pro p\u00edsemn\u00fd styk) Ing. Jaroslav Filgas, Horn\u00ed 1466\/10, 140 00\u00a0 Praha 4 &#8211; Nusle Telefonn\u00ed a e-mailov\u00e9 kontakty Ing. Jaroslav Filgas tel.: +420 603 529 112 email:<\/p>\n","protected":false},"author":2,"featured_media":0,"parent":0,"menu_order":0,"comment_status":"closed","ping_status":"closed","template":"page-fullwidth.php","meta":{"footnotes":""},"class_list":["post-366","page","type-page","status-publish","hentry"],"_links":{"self":[{"href":"https:\/\/veltron.eu\/pl\/wp-json\/wp\/v2\/pages\/366","targetHints":{"allow":["GET"]}}],"collection":[{"href":"https:\/\/veltron.eu\/pl\/wp-json\/wp\/v2\/pages"}],"about":[{"href":"https:\/\/veltron.eu\/pl\/wp-json\/wp\/v2\/types\/page"}],"author":[{"embeddable":true,"href":"https:\/\/veltron.eu\/pl\/wp-json\/wp\/v2\/users\/2"}],"replies":[{"embeddable":true,"href":"https:\/\/veltron.eu\/pl\/wp-json\/wp\/v2\/comments?post=366"}],"version-history":[{"count":3,"href":"https:\/\/veltron.eu\/pl\/wp-json\/wp\/v2\/pages\/366\/revisions"}],"predecessor-version":[{"id":422,"href":"https:\/\/veltron.eu\/pl\/wp-json\/wp\/v2\/pages\/366\/revisions\/422"}],"wp:attachment":[{"href":"https:\/\/veltron.eu\/pl\/wp-json\/wp\/v2\/media?parent=366"}],"curies":[{"name":"wp","href":"https:\/\/api.w.org\/{rel}","templated":true}]}}